{"id":55,"date":"2020-08-11T13:26:52","date_gmt":"2020-08-11T13:26:52","guid":{"rendered":"https:\/\/prginvestimentos.cv\/IM\/?page_id=55"},"modified":"2021-11-02T23:09:33","modified_gmt":"2021-11-02T23:09:33","slug":"destaques","status":"publish","type":"page","link":"https:\/\/prginvestimentos.cv\/IM\/destaques\/","title":{"rendered":"Destaques"},"content":{"rendered":"\t\t<div data-elementor-type=\"wp-page\" data-elementor-id=\"55\" class=\"elementor elementor-55\" data-elementor-settings=\"[]\">\n\t\t\t\t\t\t<div class=\"elementor-inner\">\n\t\t\t\t\t\t\t<div class=\"elementor-section-wrap\">\n\t\t\t\t\t\t\t<section class=\"elementor-section elementor-top-section elementor-element elementor-element-23762bf elementor-section-boxed elementor-section-height-default elementor-section-height-default\" data-id=\"23762bf\" data-element_type=\"section\">\n\t\t\t\t\t\t<div class=\"elementor-container elementor-column-gap-default\">\n\t\t\t\t\t\t\t<div class=\"elementor-row\">\n\t\t\t\t\t<div class=\"elementor-column elementor-col-100 elementor-top-column elementor-element elementor-element-720f518\" data-id=\"720f518\" data-element_type=\"column\">\n\t\t\t<div class=\"elementor-column-wrap elementor-element-populated\">\n\t\t\t\t\t\t\t<div class=\"elementor-widget-wrap\">\n\t\t\t\t\t\t<div class=\"elementor-element elementor-element-576dee0 elementor-widget elementor-widget-shortcode\" data-id=\"576dee0\" data-element_type=\"widget\" data-widget_type=\"shortcode.default\">\n\t\t\t\t<div class=\"elementor-widget-container\">\n\t\t\t\t\t<div class=\"elementor-shortcode\">\n<\/div>\n\t\t\t\t<\/div>\n\t\t\t\t<\/div>\n\t\t\t\t\t\t<\/div>\n\t\t\t\t\t<\/div>\n\t\t<\/div>\n\t\t\t\t\t\t\t\t<\/div>\n\t\t\t\t\t<\/div>\n\t\t<\/section>\n\t\t\t\t<section class=\"elementor-section elementor-top-section elementor-element elementor-element-0c8d8d8 elementor-section-boxed elementor-section-height-default elementor-section-height-default\" data-id=\"0c8d8d8\" data-element_type=\"section\" data-settings=\"{&quot;background_background&quot;:&quot;classic&quot;}\">\n\t\t\t\t\t\t<div class=\"elementor-container elementor-column-gap-default\">\n\t\t\t\t\t\t\t<div class=\"elementor-row\">\n\t\t\t\t\t<div class=\"elementor-column elementor-col-100 elementor-top-column elementor-element elementor-element-8d488c4\" data-id=\"8d488c4\" data-element_type=\"column\">\n\t\t\t<div class=\"elementor-column-wrap elementor-element-populated\">\n\t\t\t\t\t\t\t<div class=\"elementor-widget-wrap\">\n\t\t\t\t\t\t<div class=\"elementor-element elementor-element-f0d2ece elementor-widget elementor-widget-heading\" data-id=\"f0d2ece\" data-element_type=\"widget\" data-widget_type=\"heading.default\">\n\t\t\t\t<div class=\"elementor-widget-container\">\n\t\t\t<h2 class=\"elementor-heading-title elementor-size-default\">Im\u00f3vel em Destaque<\/h2>\t\t<\/div>\n\t\t\t\t<\/div>\n\t\t\t\t\t\t<\/div>\n\t\t\t\t\t<\/div>\n\t\t<\/div>\n\t\t\t\t\t\t\t\t<\/div>\n\t\t\t\t\t<\/div>\n\t\t<\/section>\n\t\t\t\t<section class=\"elementor-section elementor-top-section elementor-element elementor-element-5817a45 elementor-section-content-middle elementor-section-boxed elementor-section-height-default elementor-section-height-default\" data-id=\"5817a45\" data-element_type=\"section\" data-settings=\"{&quot;background_background&quot;:&quot;classic&quot;}\">\n\t\t\t\t\t\t<div class=\"elementor-container elementor-column-gap-default\">\n\t\t\t\t\t\t\t<div class=\"elementor-row\">\n\t\t\t\t\t<div class=\"elementor-column elementor-col-50 elementor-top-column elementor-element elementor-element-921cc8a\" data-id=\"921cc8a\" data-element_type=\"column\">\n\t\t\t<div class=\"elementor-column-wrap elementor-element-populated\">\n\t\t\t\t\t\t\t<div class=\"elementor-widget-wrap\">\n\t\t\t\t\t\t<div class=\"elementor-element elementor-element-5aa28fa elementor-widget elementor-widget-image\" data-id=\"5aa28fa\" data-element_type=\"widget\" data-widget_type=\"image.default\">\n\t\t\t\t<div class=\"elementor-widget-container\">\n\t\t\t\t\t\t\t\t<div class=\"elementor-image\">\n\t\t\t\t\t\t\t\t\t\t\t\t\t<a href=\"https:\/\/prginvestimentos.cv\/IM\/wp-content\/uploads\/2021\/08\/Pub_1.jpg\" data-elementor-open-lightbox=\"yes\" data-elementor-lightbox-title=\"Pub_1\">\n\t\t\t\t\t\t\t<img width=\"240\" height=\"300\" src=\"https:\/\/prginvestimentos.cv\/IM\/wp-content\/uploads\/2021\/08\/Pub_1-240x300.jpg\" class=\"attachment-medium size-medium\" alt=\"\" loading=\"lazy\" srcset=\"https:\/\/prginvestimentos.cv\/IM\/wp-content\/uploads\/2021\/08\/Pub_1-240x300.jpg 240w, https:\/\/prginvestimentos.cv\/IM\/wp-content\/uploads\/2021\/08\/Pub_1-819x1024.jpg 819w, https:\/\/prginvestimentos.cv\/IM\/wp-content\/uploads\/2021\/08\/Pub_1-768x960.jpg 768w, https:\/\/prginvestimentos.cv\/IM\/wp-content\/uploads\/2021\/08\/Pub_1.jpg 1080w\" sizes=\"(max-width: 240px) 100vw, 240px\" \/>\t\t\t\t\t\t\t\t<\/a>\n\t\t\t\t\t\t\t\t\t\t\t\t\t\t<\/div>\n\t\t\t\t\t\t<\/div>\n\t\t\t\t<\/div>\n\t\t\t\t\t\t<\/div>\n\t\t\t\t\t<\/div>\n\t\t<\/div>\n\t\t\t\t<div class=\"elementor-column elementor-col-50 elementor-top-column elementor-element elementor-element-30dbe3f\" data-id=\"30dbe3f\" data-element_type=\"column\">\n\t\t\t<div class=\"elementor-column-wrap elementor-element-populated\">\n\t\t\t\t\t\t\t<div class=\"elementor-widget-wrap\">\n\t\t\t\t\t\t<div class=\"elementor-element elementor-element-e9f2ba1 elementor-widget elementor-widget-text-editor\" data-id=\"e9f2ba1\" data-element_type=\"widget\" data-widget_type=\"text-editor.default\">\n\t\t\t\t<div class=\"elementor-widget-container\">\n\t\t\t\t\t\t\t\t<div class=\"elementor-text-editor elementor-clearfix\">\n\t\t\t\t<p>Empreendimento em\u00a0 Palmarejo Grande , sito\u00a0 perto de Escola de Hotelaria e Turismo, \u00f3tima localiza\u00e7\u00e3o, pr\u00f3ximo de com\u00e9rcios, servi\u00e7os e transportes. Com\u00a0 10 apartamentos\u00a0 Tipologias T2 e T3,<br \/>Cozinhas equipadas, duas casas de banho, quartos com roupeiro, teto falso, Salas com varandas, arrecada\u00e7\u00e3o luz led, caixa de escada com pedra m\u00e1rmore e corre m\u00e3o de inox, pr\u00f3ximo de \u00a0transporte p\u00fablico.<\/p>\t\t\t\t\t<\/div>\n\t\t\t\t\t\t<\/div>\n\t\t\t\t<\/div>\n\t\t\t\t<div class=\"elementor-element elementor-element-b27fc23 elementor-icon-list--layout-inline elementor-align-left elementor-list-item-link-full_width elementor-widget elementor-widget-icon-list\" data-id=\"b27fc23\" data-element_type=\"widget\" data-widget_type=\"icon-list.default\">\n\t\t\t\t<div class=\"elementor-widget-container\">\n\t\t\t\t\t<ul class=\"elementor-icon-list-items elementor-inline-items\">\n\t\t\t\t\t\t\t<li class=\"elementor-icon-list-item elementor-inline-item\">\n\t\t\t\t\t\t\t\t\t\t\t<span class=\"elementor-icon-list-icon\">\n\t\t\t\t\t\t\t<i aria-hidden=\"true\" class=\"fas fa-bed\"><\/i>\t\t\t\t\t\t<\/span>\n\t\t\t\t\t\t\t\t\t\t<span class=\"elementor-icon-list-text\">T3<\/span>\n\t\t\t\t\t\t\t\t\t<\/li>\n\t\t\t\t\t\t\t\t<li class=\"elementor-icon-list-item elementor-inline-item\">\n\t\t\t\t\t\t\t\t\t\t\t<span class=\"elementor-icon-list-icon\">\n\t\t\t\t\t\t\t<i aria-hidden=\"true\" class=\"fas fa-bed\"><\/i>\t\t\t\t\t\t<\/span>\n\t\t\t\t\t\t\t\t\t\t<span class=\"elementor-icon-list-text\">T2<\/span>\n\t\t\t\t\t\t\t\t\t<\/li>\n\t\t\t\t\t\t<\/ul>\n\t\t\t\t<\/div>\n\t\t\t\t<\/div>\n\t\t\t\t\t\t<\/div>\n\t\t\t\t\t<\/div>\n\t\t<\/div>\n\t\t\t\t\t\t\t\t<\/div>\n\t\t\t\t\t<\/div>\n\t\t<\/section>\n\t\t\t\t<section class=\"elementor-section elementor-top-section elementor-element elementor-element-ebca5ae elementor-section-height-min-height elementor-section-boxed elementor-section-height-default elementor-section-items-middle\" data-id=\"ebca5ae\" data-element_type=\"section\" id=\"comprar\" data-settings=\"{&quot;background_background&quot;:&quot;classic&quot;}\">\n\t\t\t\t\t\t\t<div class=\"elementor-background-overlay\"><\/div>\n\t\t\t\t\t\t\t<div class=\"elementor-container elementor-column-gap-default\">\n\t\t\t\t\t\t\t<div class=\"elementor-row\">\n\t\t\t\t\t<div class=\"elementor-column elementor-col-100 elementor-top-column elementor-element elementor-element-7f3ae41\" data-id=\"7f3ae41\" data-element_type=\"column\">\n\t\t\t<div class=\"elementor-column-wrap elementor-element-populated\">\n\t\t\t\t\t\t\t<div class=\"elementor-widget-wrap\">\n\t\t\t\t\t\t<div class=\"elementor-element elementor-element-96d267a elementor-widget elementor-widget-heading\" data-id=\"96d267a\" data-element_type=\"widget\" data-widget_type=\"heading.default\">\n\t\t\t\t<div class=\"elementor-widget-container\">\n\t\t\t<h2 class=\"elementor-heading-title elementor-size-default\">Comprar<\/h2>\t\t<\/div>\n\t\t\t\t<\/div>\n\t\t\t\t<section class=\"elementor-section elementor-inner-section elementor-element elementor-element-0cae175 elementor-section-height-min-height elementor-section-boxed elementor-section-height-default\" data-id=\"0cae175\" data-element_type=\"section\">\n\t\t\t\t\t\t<div class=\"elementor-container elementor-column-gap-default\">\n\t\t\t\t\t\t\t<div class=\"elementor-row\">\n\t\t\t\t\t<div class=\"elementor-column elementor-col-50 elementor-inner-column elementor-element elementor-element-bb011dc\" data-id=\"bb011dc\" data-element_type=\"column\">\n\t\t\t<div class=\"elementor-column-wrap elementor-element-populated\">\n\t\t\t\t\t\t\t<div class=\"elementor-widget-wrap\">\n\t\t\t\t\t\t<div class=\"elementor-element elementor-element-881b669 eael-flipbox-content-align-center eael-flipbox-img-default elementor-widget elementor-widget-eael-flip-box\" data-id=\"881b669\" data-element_type=\"widget\" data-widget_type=\"eael-flip-box.default\">\n\t\t\t\t<div class=\"elementor-widget-container\">\n\t\t\t\n        <div class=\"eael-elements-flip-box-container eael-animate-flip eael-animate-left eael-content\">\n\n            <a class=\"eael-elements-flip-box-flip-card\" href=\"https:\/\/prginvestimentos.cv\/IM\/lotes-terrenos\/\">\n                <div class=\"eael-elements-flip-box-front-container\">\n\n                    \n                        <div class=\"eael-elements-slider-display-table\">\n                            <div class=\"eael-elements-flip-box-vertical-align\">\n                                <div class=\"eael-elements-flip-box-padding\">\n                                    <div class=\"eael-elements-flip-box-icon-image\">\n                                                                                    <img class=\"eael-flipbox-image-as-icon\" src=\"https:\/\/prginvestimentos.cv\/IM\/wp-content\/uploads\/2021\/09\/site-300x210.jpg\" alt=\"\">\n                                                                            <\/div>\n                                    <h2 class=\"eael-elements-flip-box-heading\"><\/h2>\n                                    <div class=\"eael-elements-flip-box-content\">\n                                        <p><p>Empreendimento Palmarejo Grande<\/p><\/p>\n                                    <\/div>\n                                <\/div>\n                            <\/div>\n                        <\/div>\n                                    <\/div>\n\n                <div class=\"eael-elements-flip-box-rear-container\">\n\n                                            <div class=\"eael-elements-slider-display-table\">\n                            <div class=\"eael-elements-flip-box-vertical-align\">\n                                <div class=\"eael-elements-flip-box-padding\">\n                                                                            <div class=\"eael-elements-flip-box-icon-image\">\n                                            <i aria-hidden=\"true\" class=\"ea-flipbox-icon fas fa-warehouse\"><\/i>                                                <\/div>\n                                    \n                                    <h2 class=\"eael-elements-flip-box-heading\">Empreendimento Palmarejo Grande<\/h2>\n                                    <div class=\"eael-elements-flip-box-content\">\n                                        <p><p>Excelente localiza\u00e7\u00e3o, com \u00e1rea de 228 m2<\/p><\/p>\n                                    <\/div>\n\n                                                                    <\/div>\n                            <\/div>\n                        <\/div>\n                                    <\/div>\n            <\/a>\n        <\/div>\n\n\t\t<\/div>\n\t\t\t\t<\/div>\n\t\t\t\t\t\t<\/div>\n\t\t\t\t\t<\/div>\n\t\t<\/div>\n\t\t\t\t<div class=\"elementor-column elementor-col-50 elementor-inner-column elementor-element elementor-element-d00acec\" data-id=\"d00acec\" data-element_type=\"column\">\n\t\t\t<div class=\"elementor-column-wrap elementor-element-populated\">\n\t\t\t\t\t\t\t<div class=\"elementor-widget-wrap\">\n\t\t\t\t\t\t<div class=\"elementor-element elementor-element-4d319e5 eael-flipbox-content-align-center eael-flipbox-img-default elementor-widget elementor-widget-eael-flip-box\" data-id=\"4d319e5\" data-element_type=\"widget\" data-widget_type=\"eael-flip-box.default\">\n\t\t\t\t<div class=\"elementor-widget-container\">\n\t\t\t\n        <div class=\"eael-elements-flip-box-container eael-animate-flip eael-animate-left eael-content\">\n\n            <a class=\"eael-elements-flip-box-flip-card\" href=\"https:\/\/prginvestimentos.cv\/IM\/obrapalmarejo\">\n                <div class=\"eael-elements-flip-box-front-container\">\n\n                    \n                        <div class=\"eael-elements-slider-display-table\">\n                            <div class=\"eael-elements-flip-box-vertical-align\">\n                                <div class=\"eael-elements-flip-box-padding\">\n                                    <div class=\"eael-elements-flip-box-icon-image\">\n                                                                                    <img class=\"eael-flipbox-image-as-icon\" src=\"https:\/\/prginvestimentos.cv\/IM\/wp-content\/uploads\/2021\/11\/1-3.jpg\" alt=\"\">\n                                                                            <\/div>\n                                    <h3 class=\"eael-elements-flip-box-heading\">Apartamentos Palmarejo<\/h3>\n                                    <div class=\"eael-elements-flip-box-content\">\n                                        <p><p>Rua da Praia<\/p><\/p>\n                                    <\/div>\n                                <\/div>\n                            <\/div>\n                        <\/div>\n                                    <\/div>\n\n                <div class=\"eael-elements-flip-box-rear-container\">\n\n                                            <div class=\"eael-elements-slider-display-table\">\n                            <div class=\"eael-elements-flip-box-vertical-align\">\n                                <div class=\"eael-elements-flip-box-padding\">\n                                                                            <div class=\"eael-elements-flip-box-icon-image\">\n                                            <i aria-hidden=\"true\" class=\"ea-flipbox-icon fas fa-building\"><\/i>                                                <\/div>\n                                    \n                                    <h2 class=\"eael-elements-flip-box-heading\">Apartamentos<\/h2>\n                                    <div class=\"eael-elements-flip-box-content\">\n                                        <p><p>Empreendimento no centro do Palmarejo, sito\u00a0 perto, Ola mar Hotel, \u00f3tima localiza\u00e7\u00e3o, pr\u00f3ximo de com\u00e9rcios, servi\u00e7os e transportes p\u00fablico. com Tipologias T2 e T3<\/p><\/p>\n                                    <\/div>\n\n                                                                    <\/div>\n                            <\/div>\n                        <\/div>\n                                    <\/div>\n            <\/a>\n        <\/div>\n\n\t\t<\/div>\n\t\t\t\t<\/div>\n\t\t\t\t\t\t<\/div>\n\t\t\t\t\t<\/div>\n\t\t<\/div>\n\t\t\t\t\t\t\t\t<\/div>\n\t\t\t\t\t<\/div>\n\t\t<\/section>\n\t\t\t\t<section class=\"elementor-section elementor-inner-section elementor-element elementor-element-b63a46e elementor-section-height-min-height elementor-section-boxed elementor-section-height-default\" data-id=\"b63a46e\" data-element_type=\"section\" data-settings=\"{&quot;background_background&quot;:&quot;classic&quot;}\">\n\t\t\t\t\t\t<div class=\"elementor-container elementor-column-gap-default\">\n\t\t\t\t\t\t\t<div class=\"elementor-row\">\n\t\t\t\t\t<div class=\"elementor-column elementor-col-50 elementor-inner-column elementor-element elementor-element-87f9005\" data-id=\"87f9005\" data-element_type=\"column\">\n\t\t\t<div class=\"elementor-column-wrap elementor-element-populated\">\n\t\t\t\t\t\t\t<div class=\"elementor-widget-wrap\">\n\t\t\t\t\t\t<div class=\"elementor-element elementor-element-2c25e63 eael-flipbox-content-align-center eael-flipbox-img-default elementor-widget elementor-widget-eael-flip-box\" data-id=\"2c25e63\" data-element_type=\"widget\" data-widget_type=\"eael-flip-box.default\">\n\t\t\t\t<div class=\"elementor-widget-container\">\n\t\t\t\n        <div class=\"eael-elements-flip-box-container eael-animate-flip eael-animate-left eael-content\">\n\n            <a class=\"eael-elements-flip-box-flip-card\" href=\"https:\/\/prginvestimentos.cv\/IM\/apmonte\/\">\n                <div class=\"eael-elements-flip-box-front-container\">\n\n                    \n                        <div class=\"eael-elements-slider-display-table\">\n                            <div class=\"eael-elements-flip-box-vertical-align\">\n                                <div class=\"eael-elements-flip-box-padding\">\n                                    <div class=\"eael-elements-flip-box-icon-image\">\n                                                                                    <img class=\"eael-flipbox-image-as-icon\" src=\"https:\/\/prginvestimentos.cv\/IM\/wp-content\/uploads\/2021\/11\/3-2.jpg\" alt=\"\">\n                                                                            <\/div>\n                                    <h3 class=\"eael-elements-flip-box-heading\">Apartamentos Palmarejo<\/h3>\n                                    <div class=\"eael-elements-flip-box-content\">\n                                        <p><p>Rua, Djarfogo<\/p><\/p>\n                                    <\/div>\n                                <\/div>\n                            <\/div>\n                        <\/div>\n                                    <\/div>\n\n                <div class=\"eael-elements-flip-box-rear-container\">\n\n                                            <div class=\"eael-elements-slider-display-table\">\n                            <div class=\"eael-elements-flip-box-vertical-align\">\n                                <div class=\"eael-elements-flip-box-padding\">\n                                                                            <div class=\"eael-elements-flip-box-icon-image\">\n                                            <i aria-hidden=\"true\" class=\"ea-flipbox-icon far fa-building\"><\/i>                                                <\/div>\n                                    \n                                    <h2 class=\"eael-elements-flip-box-heading\">Apartamentos<\/h2>\n                                    <div class=\"eael-elements-flip-box-content\">\n                                        <p><p>Apartamentos, tipologia T3 e T2, na rua Djarfogo,\u00a0 Palmarejo, perto de Pra\u00e7a Center, Com espa\u00e7o comercial.<\/p><\/p>\n                                    <\/div>\n\n                                                                    <\/div>\n                            <\/div>\n                        <\/div>\n                                    <\/div>\n            <\/a>\n        <\/div>\n\n\t\t<\/div>\n\t\t\t\t<\/div>\n\t\t\t\t\t\t<\/div>\n\t\t\t\t\t<\/div>\n\t\t<\/div>\n\t\t\t\t<div class=\"elementor-column elementor-col-50 elementor-inner-column elementor-element elementor-element-c99010c\" data-id=\"c99010c\" data-element_type=\"column\">\n\t\t\t<div class=\"elementor-column-wrap elementor-element-populated\">\n\t\t\t\t\t\t\t<div class=\"elementor-widget-wrap\">\n\t\t\t\t\t\t<div class=\"elementor-element elementor-element-0d8f4cc eael-flipbox-content-align-center eael-flipbox-img-default elementor-widget elementor-widget-eael-flip-box\" data-id=\"0d8f4cc\" data-element_type=\"widget\" data-widget_type=\"eael-flip-box.default\">\n\t\t\t\t<div class=\"elementor-widget-container\">\n\t\t\t\n        <div class=\"eael-elements-flip-box-container eael-animate-flip eael-animate-left eael-content\">\n\n            <a class=\"eael-elements-flip-box-flip-card\" href=\"https:\/\/prginvestimentos.cv\/IM\/appalmarejo\/\">\n                <div class=\"eael-elements-flip-box-front-container\">\n\n                    \n                        <div class=\"eael-elements-slider-display-table\">\n                            <div class=\"eael-elements-flip-box-vertical-align\">\n                                <div class=\"eael-elements-flip-box-padding\">\n                                    <div class=\"eael-elements-flip-box-icon-image\">\n                                                                                    <img class=\"eael-flipbox-image-as-icon\" src=\"https:\/\/prginvestimentos.cv\/IM\/wp-content\/uploads\/2021\/11\/1-1.jpg\" alt=\"\">\n                                                                            <\/div>\n                                    <h3 class=\"eael-elements-flip-box-heading\">Apartamentos Palmarejo<\/h3>\n                                    <div class=\"eael-elements-flip-box-content\">\n                                        <p><p>Rua, ilha do Maio<\/p><\/p>\n                                    <\/div>\n                                <\/div>\n                            <\/div>\n                        <\/div>\n                                    <\/div>\n\n                <div class=\"eael-elements-flip-box-rear-container\">\n\n                                            <div class=\"eael-elements-slider-display-table\">\n                            <div class=\"eael-elements-flip-box-vertical-align\">\n                                <div class=\"eael-elements-flip-box-padding\">\n                                                                            <div class=\"eael-elements-flip-box-icon-image\">\n                                            <i aria-hidden=\"true\" class=\"ea-flipbox-icon fas fa-building\"><\/i>                                                <\/div>\n                                    \n                                    <h2 class=\"eael-elements-flip-box-heading\">Apartamentos<\/h2>\n                                    <div class=\"eael-elements-flip-box-content\">\n                                        <p><p>Apartamentos em palmarejo, na rua ilha do Maio(perto de Calu &amp; \u00c2ngela), T3 e T2<\/p><\/p>\n                                    <\/div>\n\n                                                                    <\/div>\n                            <\/div>\n                        <\/div>\n                                    <\/div>\n            <\/a>\n        <\/div>\n\n\t\t<\/div>\n\t\t\t\t<\/div>\n\t\t\t\t\t\t<\/div>\n\t\t\t\t\t<\/div>\n\t\t<\/div>\n\t\t\t\t\t\t\t\t<\/div>\n\t\t\t\t\t<\/div>\n\t\t<\/section>\n\t\t\t\t\t\t<\/div>\n\t\t\t\t\t<\/div>\n\t\t<\/div>\n\t\t\t\t\t\t\t\t<\/div>\n\t\t\t\t\t<\/div>\n\t\t<\/section>\n\t\t\t\t\t\t<\/div>\n\t\t\t\t\t\t<\/div>\n\t\t\t\t\t<\/div>\n\t\t","protected":false},"excerpt":{"rendered":"<p>Im\u00f3vel em Destaque Empreendimento em\u00a0 Palmarejo Grande , sito\u00a0 perto de Escola de Hotelaria e Turismo, \u00f3tima localiza\u00e7\u00e3o, pr\u00f3ximo de com\u00e9rcios, servi\u00e7os e transportes. Com\u00a0 10 apartamentos\u00a0 Tipologias T2 e T3,Cozinhas equipadas, duas casas de banho, quartos com roupeiro, teto falso, Salas com varandas, arrecada\u00e7\u00e3o luz led, caixa de escada com pedra m\u00e1rmore e corre &#8230; <a title=\"Destaques\" class=\"read-more\" href=\"https:\/\/prginvestimentos.cv\/IM\/destaques\/\" aria-label=\"Mais sobre Destaques\">Ler mais<\/a><\/p>\n","protected":false},"author":1,"featured_media":0,"parent":0,"menu_order":0,"comment_status":"closed","ping_status":"closed","template":"","meta":[],"_links":{"self":[{"href":"https:\/\/prginvestimentos.cv\/IM\/wp-json\/wp\/v2\/pages\/55"}],"collection":[{"href":"https:\/\/prginvestimentos.cv\/IM\/wp-json\/wp\/v2\/pages"}],"about":[{"href":"https:\/\/prginvestimentos.cv\/IM\/wp-json\/wp\/v2\/types\/page"}],"author":[{"embeddable":true,"href":"https:\/\/prginvestimentos.cv\/IM\/wp-json\/wp\/v2\/users\/1"}],"replies":[{"embeddable":true,"href":"https:\/\/prginvestimentos.cv\/IM\/wp-json\/wp\/v2\/comments?post=55"}],"version-history":[{"count":30,"href":"https:\/\/prginvestimentos.cv\/IM\/wp-json\/wp\/v2\/pages\/55\/revisions"}],"predecessor-version":[{"id":1010,"href":"https:\/\/prginvestimentos.cv\/IM\/wp-json\/wp\/v2\/pages\/55\/revisions\/1010"}],"wp:attachment":[{"href":"https:\/\/prginvestimentos.cv\/IM\/wp-json\/wp\/v2\/media?parent=55"}],"curies":[{"name":"wp","href":"https:\/\/api.w.org\/{rel}","templated":true}]}}