{"id":57,"date":"2020-08-11T13:27:16","date_gmt":"2020-08-11T13:27:16","guid":{"rendered":"https:\/\/prginvestimentos.cv\/IM\/?page_id=57"},"modified":"2020-12-11T14:37:27","modified_gmt":"2020-12-11T14:37:27","slug":"sobrenos","status":"publish","type":"page","link":"https:\/\/prginvestimentos.cv\/IM\/sobrenos\/","title":{"rendered":"Sobre N\u00f3s"},"content":{"rendered":"\t\t<div data-elementor-type=\"wp-page\" data-elementor-id=\"57\" class=\"elementor elementor-57\" data-elementor-settings=\"[]\">\n\t\t\t\t\t\t<div class=\"elementor-inner\">\n\t\t\t\t\t\t\t<div class=\"elementor-section-wrap\">\n\t\t\t\t\t\t\t<section class=\"elementor-section elementor-top-section elementor-element elementor-element-c9927e0 elementor-section-boxed elementor-section-height-default elementor-section-height-default\" data-id=\"c9927e0\" data-element_type=\"section\">\n\t\t\t\t\t\t<div class=\"elementor-container elementor-column-gap-default\">\n\t\t\t\t\t\t\t<div class=\"elementor-row\">\n\t\t\t\t\t<div class=\"elementor-column elementor-col-100 elementor-top-column elementor-element elementor-element-e5e0b93\" data-id=\"e5e0b93\" data-element_type=\"column\">\n\t\t\t<div class=\"elementor-column-wrap elementor-element-populated\">\n\t\t\t\t\t\t\t<div class=\"elementor-widget-wrap\">\n\t\t\t\t\t\t<div class=\"elementor-element elementor-element-ee9f8f8 elementor-widget elementor-widget-heading\" data-id=\"ee9f8f8\" data-element_type=\"widget\" data-widget_type=\"heading.default\">\n\t\t\t\t<div class=\"elementor-widget-container\">\n\t\t\t<h2 class=\"elementor-heading-title elementor-size-default\">Nossa Historiaa<\/h2>\t\t<\/div>\n\t\t\t\t<\/div>\n\t\t\t\t<section class=\"elementor-section elementor-inner-section elementor-element elementor-element-7c8122e elementor-section-boxed elementor-section-height-default elementor-section-height-default\" data-id=\"7c8122e\" data-element_type=\"section\" id=\"Sobre_N\u00f3s\">\n\t\t\t\t\t\t<div class=\"elementor-container elementor-column-gap-default\">\n\t\t\t\t\t\t\t<div class=\"elementor-row\">\n\t\t\t\t\t<div class=\"elementor-column elementor-col-50 elementor-inner-column elementor-element elementor-element-7f6951d\" data-id=\"7f6951d\" data-element_type=\"column\" data-settings=\"{&quot;background_background&quot;:&quot;classic&quot;}\">\n\t\t\t<div class=\"elementor-column-wrap elementor-element-populated\">\n\t\t\t\t\t\t\t<div class=\"elementor-widget-wrap\">\n\t\t\t\t\t\t<div class=\"elementor-element elementor-element-30e5407 elementor-widget elementor-widget-text-editor\" data-id=\"30e5407\" data-element_type=\"widget\" data-widget_type=\"text-editor.default\">\n\t\t\t\t<div class=\"elementor-widget-container\">\n\t\t\t\t\t\t\t\t<div class=\"elementor-text-editor elementor-clearfix\">\n\t\t\t\t<p>A PrG Investimentos &nbsp;\u00e9 uma empresa com uma vasta experi\u00eancia na \u00e1rea de investimentos imobili\u00e1rios e trading investment a sociedade foi criada como prop\u00f3sito de apresentar melhores ofertas de neg\u00f3cios imobili\u00e1rios e trading investment.<\/p>\n<p>A sociedade tem como o principal foco promo\u00e7\u00e3o de investimentos imobili\u00e1rios e suporte ao trading investment<\/p>\t\t\t\t\t<\/div>\n\t\t\t\t\t\t<\/div>\n\t\t\t\t<\/div>\n\t\t\t\t\t\t<\/div>\n\t\t\t\t\t<\/div>\n\t\t<\/div>\n\t\t\t\t<div class=\"elementor-column elementor-col-50 elementor-inner-column elementor-element elementor-element-91f44b2\" data-id=\"91f44b2\" data-element_type=\"column\">\n\t\t\t<div class=\"elementor-column-wrap elementor-element-populated\">\n\t\t\t\t\t\t\t<div class=\"elementor-widget-wrap\">\n\t\t\t\t\t\t<div class=\"elementor-element elementor-element-7ee043d elementor-widget elementor-widget-image\" data-id=\"7ee043d\" data-element_type=\"widget\" data-widget_type=\"image.default\">\n\t\t\t\t<div class=\"elementor-widget-container\">\n\t\t\t\t\t\t\t\t<div class=\"elementor-image\">\n\t\t\t\t\t\t\t\t\t\t\t\t<img width=\"1024\" height=\"640\" src=\"https:\/\/prginvestimentos.cv\/IM\/wp-content\/uploads\/2020\/10\/Sobre_nos-1024x640.png\" class=\"attachment-large size-large\" alt=\"\" loading=\"lazy\" srcset=\"https:\/\/prginvestimentos.cv\/IM\/wp-content\/uploads\/2020\/10\/Sobre_nos-1024x640.png 1024w, https:\/\/prginvestimentos.cv\/IM\/wp-content\/uploads\/2020\/10\/Sobre_nos-300x188.png 300w, https:\/\/prginvestimentos.cv\/IM\/wp-content\/uploads\/2020\/10\/Sobre_nos-768x480.png 768w, https:\/\/prginvestimentos.cv\/IM\/wp-content\/uploads\/2020\/10\/Sobre_nos.png 1440w\" sizes=\"(max-width: 1024px) 100vw, 1024px\" \/>\t\t\t\t\t\t\t\t\t\t\t\t\t\t<\/div>\n\t\t\t\t\t\t<\/div>\n\t\t\t\t<\/div>\n\t\t\t\t\t\t<\/div>\n\t\t\t\t\t<\/div>\n\t\t<\/div>\n\t\t\t\t\t\t\t\t<\/div>\n\t\t\t\t\t<\/div>\n\t\t<\/section>\n\t\t\t\t\t\t<\/div>\n\t\t\t\t\t<\/div>\n\t\t<\/div>\n\t\t\t\t\t\t\t\t<\/div>\n\t\t\t\t\t<\/div>\n\t\t<\/section>\n\t\t\t\t<section class=\"elementor-section elementor-top-section elementor-element elementor-element-4d5641e elementor-section-boxed elementor-section-height-default elementor-section-height-default\" data-id=\"4d5641e\" data-element_type=\"section\" data-settings=\"{&quot;background_background&quot;:&quot;classic&quot;}\">\n\t\t\t\t\t\t<div class=\"elementor-container elementor-column-gap-default\">\n\t\t\t\t\t\t\t<div class=\"elementor-row\">\n\t\t\t\t\t<div class=\"elementor-column elementor-col-100 elementor-top-column elementor-element elementor-element-a270f38\" data-id=\"a270f38\" data-element_type=\"column\">\n\t\t\t<div class=\"elementor-column-wrap elementor-element-populated\">\n\t\t\t\t\t\t\t<div class=\"elementor-widget-wrap\">\n\t\t\t\t\t\t<div class=\"elementor-element elementor-element-a258b49 elementor-widget elementor-widget-heading\" data-id=\"a258b49\" data-element_type=\"widget\" data-widget_type=\"heading.default\">\n\t\t\t\t<div class=\"elementor-widget-container\">\n\t\t\t<h2 class=\"elementor-heading-title elementor-size-default\">Valores<\/h2>\t\t<\/div>\n\t\t\t\t<\/div>\n\t\t\t\t<section class=\"elementor-section elementor-inner-section elementor-element elementor-element-3bab007 elementor-section-full_width elementor-section-height-default elementor-section-height-default\" data-id=\"3bab007\" data-element_type=\"section\">\n\t\t\t\t\t\t<div class=\"elementor-container elementor-column-gap-default\">\n\t\t\t\t\t\t\t<div class=\"elementor-row\">\n\t\t\t\t\t<div class=\"elementor-column elementor-col-50 elementor-inner-column elementor-element elementor-element-c26d28b\" data-id=\"c26d28b\" data-element_type=\"column\" data-settings=\"{&quot;background_background&quot;:&quot;classic&quot;}\">\n\t\t\t<div class=\"elementor-column-wrap elementor-element-populated\">\n\t\t\t\t\t\t\t<div class=\"elementor-widget-wrap\">\n\t\t\t\t\t\t<div class=\"elementor-element elementor-element-4a84c71 elementor-widget elementor-widget-image\" data-id=\"4a84c71\" data-element_type=\"widget\" data-widget_type=\"image.default\">\n\t\t\t\t<div class=\"elementor-widget-container\">\n\t\t\t\t\t\t\t\t<div class=\"elementor-image\">\n\t\t\t\t\t\t\t\t\t\t\t\t<img width=\"720\" height=\"540\" src=\"https:\/\/prginvestimentos.cv\/IM\/wp-content\/uploads\/2020\/08\/espaco5.jpg\" class=\"attachment-medium_large size-medium_large\" alt=\"\" loading=\"lazy\" srcset=\"https:\/\/prginvestimentos.cv\/IM\/wp-content\/uploads\/2020\/08\/espaco5.jpg 720w, https:\/\/prginvestimentos.cv\/IM\/wp-content\/uploads\/2020\/08\/espaco5-300x225.jpg 300w\" sizes=\"(max-width: 720px) 100vw, 720px\" \/>\t\t\t\t\t\t\t\t\t\t\t\t\t\t<\/div>\n\t\t\t\t\t\t<\/div>\n\t\t\t\t<\/div>\n\t\t\t\t\t\t<\/div>\n\t\t\t\t\t<\/div>\n\t\t<\/div>\n\t\t\t\t<div class=\"elementor-column elementor-col-50 elementor-inner-column elementor-element elementor-element-0a38627\" data-id=\"0a38627\" data-element_type=\"column\" data-settings=\"{&quot;background_background&quot;:&quot;classic&quot;}\">\n\t\t\t<div class=\"elementor-column-wrap elementor-element-populated\">\n\t\t\t\t\t\t\t<div class=\"elementor-widget-wrap\">\n\t\t\t\t\t\t<div class=\"elementor-element elementor-element-f786621 elementor-widget elementor-widget-text-editor\" data-id=\"f786621\" data-element_type=\"widget\" id=\"Valores\" data-widget_type=\"text-editor.default\">\n\t\t\t\t<div class=\"elementor-widget-container\">\n\t\t\t\t\t\t\t\t<div class=\"elementor-text-editor elementor-clearfix\">\n\t\t\t\t<ul><li><strong>\u00c9tica<\/strong><\/li><\/ul><p>Os neg\u00f3cios, as decis\u00f5es e os projetos da PrG investimentos ser\u00e3o efetuados com base nos princ\u00edpios da \u00e9tica, transpar\u00eancia e boa f\u00e9.<\/p><ul><li><strong>Inova\u00e7\u00e3o<\/strong><\/li><\/ul><p>Os projetos ser\u00e3o materializados coma ado\u00e7\u00e3o de melhores pr\u00e1ticas e solu\u00e7\u00f5es inovadores e modelos de gest\u00e3o que visa criar valores para os stakeholder<\/p><ul><li><strong>Qualidade<\/strong><\/li><\/ul><p>Os nossos produtos e servi\u00e7os devem pautar por um n\u00edvel de qualidade nos termos das boas praticas internacionais em todo o processo e o n\u00edvel de qualidade preconizada pela nossa institui\u00e7\u00e3o dever\u00e1 aplicar se aos nossos prestadores de servi\u00e7os e parceiros.<\/p><ul><li><strong>Responsabili<\/strong><strong>dade<\/strong><\/li><\/ul><p>Perante os nossos clientes, parceiros e a sociedade, com enfoque no envolvimento responsabilidade social, de desenvolvimento sustent\u00e1vel<\/p>\t\t\t\t\t<\/div>\n\t\t\t\t\t\t<\/div>\n\t\t\t\t<\/div>\n\t\t\t\t\t\t<\/div>\n\t\t\t\t\t<\/div>\n\t\t<\/div>\n\t\t\t\t\t\t\t\t<\/div>\n\t\t\t\t\t<\/div>\n\t\t<\/section>\n\t\t\t\t\t\t<\/div>\n\t\t\t\t\t<\/div>\n\t\t<\/div>\n\t\t\t\t\t\t\t\t<\/div>\n\t\t\t\t\t<\/div>\n\t\t<\/section>\n\t\t\t\t<section class=\"elementor-section elementor-top-section elementor-element elementor-element-110fb4d elementor-section-boxed elementor-section-height-default elementor-section-height-default\" data-id=\"110fb4d\" data-element_type=\"section\" data-settings=\"{&quot;background_background&quot;:&quot;classic&quot;}\">\n\t\t\t\t\t\t<div class=\"elementor-container elementor-column-gap-default\">\n\t\t\t\t\t\t\t<div class=\"elementor-row\">\n\t\t\t\t\t<div class=\"elementor-column elementor-col-100 elementor-top-column elementor-element elementor-element-e822837\" data-id=\"e822837\" data-element_type=\"column\">\n\t\t\t<div class=\"elementor-column-wrap elementor-element-populated\">\n\t\t\t\t\t\t\t<div class=\"elementor-widget-wrap\">\n\t\t\t\t\t\t<div class=\"elementor-element elementor-element-4cebf96 elementor-widget elementor-widget-heading\" data-id=\"4cebf96\" data-element_type=\"widget\" data-widget_type=\"heading.default\">\n\t\t\t\t<div class=\"elementor-widget-container\">\n\t\t\t<h2 class=\"elementor-heading-title elementor-size-default\">Vis\u00e3o<\/h2>\t\t<\/div>\n\t\t\t\t<\/div>\n\t\t\t\t<section class=\"elementor-section elementor-inner-section elementor-element elementor-element-b268d62 elementor-section-full_width elementor-section-height-default elementor-section-height-default\" data-id=\"b268d62\" data-element_type=\"section\" id=\"visao\">\n\t\t\t\t\t\t<div class=\"elementor-container elementor-column-gap-default\">\n\t\t\t\t\t\t\t<div class=\"elementor-row\">\n\t\t\t\t\t<div class=\"elementor-column elementor-col-50 elementor-inner-column elementor-element elementor-element-e09ccc3\" data-id=\"e09ccc3\" data-element_type=\"column\" data-settings=\"{&quot;background_background&quot;:&quot;classic&quot;}\">\n\t\t\t<div class=\"elementor-column-wrap elementor-element-populated\">\n\t\t\t\t\t\t\t<div class=\"elementor-widget-wrap\">\n\t\t\t\t\t\t<div class=\"elementor-element elementor-element-c431f0b elementor-widget elementor-widget-text-editor\" data-id=\"c431f0b\" data-element_type=\"widget\" data-widget_type=\"text-editor.default\">\n\t\t\t\t<div class=\"elementor-widget-container\">\n\t\t\t\t\t\t\t\t<div class=\"elementor-text-editor elementor-clearfix\">\n\t\t\t\t<p>Ser a melhor empresa imobili\u00e1ria nacional, apresentando sempre as melhores oportunidades de neg\u00f3cios para os nossos clientes<\/p>\t\t\t\t\t<\/div>\n\t\t\t\t\t\t<\/div>\n\t\t\t\t<\/div>\n\t\t\t\t\t\t<\/div>\n\t\t\t\t\t<\/div>\n\t\t<\/div>\n\t\t\t\t<div class=\"elementor-column elementor-col-50 elementor-inner-column elementor-element elementor-element-7e109c5\" data-id=\"7e109c5\" data-element_type=\"column\" data-settings=\"{&quot;background_background&quot;:&quot;classic&quot;}\">\n\t\t\t<div class=\"elementor-column-wrap\">\n\t\t\t\t\t\t\t<div class=\"elementor-widget-wrap\">\n\t\t\t\t\t\t\t\t<\/div>\n\t\t\t\t\t<\/div>\n\t\t<\/div>\n\t\t\t\t\t\t\t\t<\/div>\n\t\t\t\t\t<\/div>\n\t\t<\/section>\n\t\t\t\t\t\t<\/div>\n\t\t\t\t\t<\/div>\n\t\t<\/div>\n\t\t\t\t\t\t\t\t<\/div>\n\t\t\t\t\t<\/div>\n\t\t<\/section>\n\t\t\t\t<section class=\"elementor-section elementor-top-section elementor-element elementor-element-c3a863d elementor-section-boxed elementor-section-height-default elementor-section-height-default\" data-id=\"c3a863d\" data-element_type=\"section\" data-settings=\"{&quot;background_background&quot;:&quot;classic&quot;}\">\n\t\t\t\t\t\t<div class=\"elementor-container elementor-column-gap-default\">\n\t\t\t\t\t\t\t<div class=\"elementor-row\">\n\t\t\t\t\t<div class=\"elementor-column elementor-col-100 elementor-top-column elementor-element elementor-element-4aeb392\" data-id=\"4aeb392\" data-element_type=\"column\">\n\t\t\t<div class=\"elementor-column-wrap elementor-element-populated\">\n\t\t\t\t\t\t\t<div class=\"elementor-widget-wrap\">\n\t\t\t\t\t\t<div class=\"elementor-element elementor-element-7b608fe elementor-widget elementor-widget-heading\" data-id=\"7b608fe\" data-element_type=\"widget\" data-widget_type=\"heading.default\">\n\t\t\t\t<div class=\"elementor-widget-container\">\n\t\t\t<h2 class=\"elementor-heading-title elementor-size-default\">Miss\u00e3o<\/h2>\t\t<\/div>\n\t\t\t\t<\/div>\n\t\t\t\t<section class=\"elementor-section elementor-inner-section elementor-element elementor-element-7076c88 elementor-section-full_width elementor-section-height-default elementor-section-height-default\" data-id=\"7076c88\" data-element_type=\"section\" id=\"missao\">\n\t\t\t\t\t\t<div class=\"elementor-container elementor-column-gap-default\">\n\t\t\t\t\t\t\t<div class=\"elementor-row\">\n\t\t\t\t\t<div class=\"elementor-column elementor-col-50 elementor-inner-column elementor-element elementor-element-719f90f\" data-id=\"719f90f\" data-element_type=\"column\" data-settings=\"{&quot;background_background&quot;:&quot;classic&quot;}\">\n\t\t\t<div class=\"elementor-column-wrap elementor-element-populated\">\n\t\t\t\t\t\t\t<div class=\"elementor-widget-wrap\">\n\t\t\t\t\t\t<div class=\"elementor-element elementor-element-a68bcbb elementor-widget elementor-widget-image\" data-id=\"a68bcbb\" data-element_type=\"widget\" data-widget_type=\"image.default\">\n\t\t\t\t<div class=\"elementor-widget-container\">\n\t\t\t\t\t\t\t\t<div class=\"elementor-image\">\n\t\t\t\t\t\t\t\t\t\t\t\t<img width=\"675\" height=\"507\" src=\"https:\/\/prginvestimentos.cv\/IM\/wp-content\/uploads\/2020\/10\/Interior_Sala_.png\" class=\"attachment-large size-large\" alt=\"\" loading=\"lazy\" srcset=\"https:\/\/prginvestimentos.cv\/IM\/wp-content\/uploads\/2020\/10\/Interior_Sala_.png 675w, https:\/\/prginvestimentos.cv\/IM\/wp-content\/uploads\/2020\/10\/Interior_Sala_-300x225.png 300w\" sizes=\"(max-width: 675px) 100vw, 675px\" \/>\t\t\t\t\t\t\t\t\t\t\t\t\t\t<\/div>\n\t\t\t\t\t\t<\/div>\n\t\t\t\t<\/div>\n\t\t\t\t\t\t<\/div>\n\t\t\t\t\t<\/div>\n\t\t<\/div>\n\t\t\t\t<div class=\"elementor-column elementor-col-50 elementor-inner-column elementor-element elementor-element-cbe5399\" data-id=\"cbe5399\" data-element_type=\"column\" data-settings=\"{&quot;background_background&quot;:&quot;classic&quot;}\">\n\t\t\t<div class=\"elementor-column-wrap elementor-element-populated\">\n\t\t\t\t\t\t\t<div class=\"elementor-widget-wrap\">\n\t\t\t\t\t\t<div class=\"elementor-element elementor-element-42a8fbf elementor-widget elementor-widget-text-editor\" data-id=\"42a8fbf\" data-element_type=\"widget\" data-widget_type=\"text-editor.default\">\n\t\t\t\t<div class=\"elementor-widget-container\">\n\t\t\t\t\t\t\t\t<div class=\"elementor-text-editor elementor-clearfix\">\n\t\t\t\t<p>Promo\u00e7\u00e3o de habita\u00e7\u00e3o de qualidade \u00a0a um pre\u00e7o acess\u00edvel para diferentes segmentos da sociedade.<\/p>\t\t\t\t\t<\/div>\n\t\t\t\t\t\t<\/div>\n\t\t\t\t<\/div>\n\t\t\t\t\t\t<\/div>\n\t\t\t\t\t<\/div>\n\t\t<\/div>\n\t\t\t\t\t\t\t\t<\/div>\n\t\t\t\t\t<\/div>\n\t\t<\/section>\n\t\t\t\t\t\t<\/div>\n\t\t\t\t\t<\/div>\n\t\t<\/div>\n\t\t\t\t\t\t\t\t<\/div>\n\t\t\t\t\t<\/div>\n\t\t<\/section>\n\t\t\t\t\t\t<\/div>\n\t\t\t\t\t\t<\/div>\n\t\t\t\t\t<\/div>\n\t\t","protected":false},"excerpt":{"rendered":"<p>Nossa Historiaa A PrG Investimentos &nbsp;\u00e9 uma empresa com uma vasta experi\u00eancia na \u00e1rea de investimentos imobili\u00e1rios e trading investment a sociedade foi criada como prop\u00f3sito de apresentar melhores ofertas de neg\u00f3cios imobili\u00e1rios e trading investment. A sociedade tem como o principal foco promo\u00e7\u00e3o de investimentos imobili\u00e1rios e suporte ao trading investment Valores \u00c9tica Os &#8230; <a title=\"Sobre N\u00f3s\" class=\"read-more\" href=\"https:\/\/prginvestimentos.cv\/IM\/sobrenos\/\" aria-label=\"Mais sobre Sobre N\u00f3s\">Ler mais<\/a><\/p>\n","protected":false},"author":1,"featured_media":0,"parent":0,"menu_order":0,"comment_status":"closed","ping_status":"closed","template":"elementor_header_footer","meta":[],"_links":{"self":[{"href":"https:\/\/prginvestimentos.cv\/IM\/wp-json\/wp\/v2\/pages\/57"}],"collection":[{"href":"https:\/\/prginvestimentos.cv\/IM\/wp-json\/wp\/v2\/pages"}],"about":[{"href":"https:\/\/prginvestimentos.cv\/IM\/wp-json\/wp\/v2\/types\/page"}],"author":[{"embeddable":true,"href":"https:\/\/prginvestimentos.cv\/IM\/wp-json\/wp\/v2\/users\/1"}],"replies":[{"embeddable":true,"href":"https:\/\/prginvestimentos.cv\/IM\/wp-json\/wp\/v2\/comments?post=57"}],"version-history":[{"count":8,"href":"https:\/\/prginvestimentos.cv\/IM\/wp-json\/wp\/v2\/pages\/57\/revisions"}],"predecessor-version":[{"id":905,"href":"https:\/\/prginvestimentos.cv\/IM\/wp-json\/wp\/v2\/pages\/57\/revisions\/905"}],"wp:attachment":[{"href":"https:\/\/prginvestimentos.cv\/IM\/wp-json\/wp\/v2\/media?parent=57"}],"curies":[{"name":"wp","href":"https:\/\/api.w.org\/{rel}","templated":true}]}}