{"id":59,"date":"2020-08-11T13:27:42","date_gmt":"2020-08-11T13:27:42","guid":{"rendered":"https:\/\/prginvestimentos.cv\/IM\/?page_id=59"},"modified":"2021-11-02T17:06:26","modified_gmt":"2021-11-02T17:06:26","slug":"obrapalmarejo","status":"publish","type":"page","link":"https:\/\/prginvestimentos.cv\/IM\/obrapalmarejo\/","title":{"rendered":"Obra Palmarejo"},"content":{"rendered":"\t\t<div data-elementor-type=\"wp-page\" data-elementor-id=\"59\" class=\"elementor elementor-59\" data-elementor-settings=\"[]\">\n\t\t\t\t\t\t<div class=\"elementor-inner\">\n\t\t\t\t\t\t\t<div class=\"elementor-section-wrap\">\n\t\t\t\t\t\t\t<section class=\"elementor-section elementor-top-section elementor-element elementor-element-f618766 elementor-section-height-min-height elementor-section-boxed elementor-section-height-default elementor-section-items-middle\" data-id=\"f618766\" data-element_type=\"section\">\n\t\t\t\t\t\t<div class=\"elementor-container elementor-column-gap-default\">\n\t\t\t\t\t\t\t<div class=\"elementor-row\">\n\t\t\t\t\t<div class=\"elementor-column elementor-col-100 elementor-top-column elementor-element elementor-element-4248879\" data-id=\"4248879\" data-element_type=\"column\">\n\t\t\t<div class=\"elementor-column-wrap elementor-element-populated\">\n\t\t\t\t\t\t\t<div class=\"elementor-widget-wrap\">\n\t\t\t\t\t\t<div class=\"elementor-element elementor-element-1c7f60c elementor-widget elementor-widget-heading\" data-id=\"1c7f60c\" data-element_type=\"widget\" data-widget_type=\"heading.default\">\n\t\t\t\t<div class=\"elementor-widget-container\">\n\t\t\t<h2 class=\"elementor-heading-title elementor-size-default\">Obra Palmarejo<\/h2>\t\t<\/div>\n\t\t\t\t<\/div>\n\t\t\t\t<div class=\"elementor-element elementor-element-18c9f08 elementor-widget elementor-widget-text-editor\" data-id=\"18c9f08\" data-element_type=\"widget\" data-widget_type=\"text-editor.default\">\n\t\t\t\t<div class=\"elementor-widget-container\">\n\t\t\t\t\t\t\t\t<div class=\"elementor-text-editor elementor-clearfix\">\n\t\t\t\t<p>Empreendimento no centro do palmarejo, sito\u00a0 perto de Ola mar Hotel, \u00f3tima localiza\u00e7\u00e3o, pr\u00f3ximo de com\u00e9rcios, servi\u00e7os e transportes. com Tipologias T2 e T3 Cozinhas equipadas, duas casas de banho, quartos com roupeiro, teto falso, Salas com varandas, arrecada\u00e7\u00e3o luz led, caixa de escada com pedra m\u00e1rmore e corre m\u00e3o em inox, pr\u00f3ximo de \u00a0transporte p\u00fablico.<\/p>\t\t\t\t\t<\/div>\n\t\t\t\t\t\t<\/div>\n\t\t\t\t<\/div>\n\t\t\t\t<div class=\"elementor-element elementor-element-3f0c9cb elementor-icon-list--layout-inline elementor-list-item-link-inline elementor-align-center elementor-widget elementor-widget-icon-list\" data-id=\"3f0c9cb\" data-element_type=\"widget\" data-widget_type=\"icon-list.default\">\n\t\t\t\t<div class=\"elementor-widget-container\">\n\t\t\t\t\t<ul class=\"elementor-icon-list-items elementor-inline-items\">\n\t\t\t\t\t\t\t<li class=\"elementor-icon-list-item elementor-inline-item\">\n\t\t\t\t\t\t\t\t\t\t\t<span class=\"elementor-icon-list-icon\">\n\t\t\t\t\t\t\t<i aria-hidden=\"true\" class=\"fas fa-bed\"><\/i>\t\t\t\t\t\t<\/span>\n\t\t\t\t\t\t\t\t\t\t<span class=\"elementor-icon-list-text\">T3 e T2<\/span>\n\t\t\t\t\t\t\t\t\t<\/li>\n\t\t\t\t\t\t\t\t<li class=\"elementor-icon-list-item elementor-inline-item\">\n\t\t\t\t\t\t\t\t\t\t\t<span class=\"elementor-icon-list-icon\">\n\t\t\t\t\t\t\t<i aria-hidden=\"true\" class=\"fas fa-toilet\"><\/i>\t\t\t\t\t\t<\/span>\n\t\t\t\t\t\t\t\t\t\t<span class=\"elementor-icon-list-text\">2<\/span>\n\t\t\t\t\t\t\t\t\t<\/li>\n\t\t\t\t\t\t\t\t<li class=\"elementor-icon-list-item elementor-inline-item\">\n\t\t\t\t\t\t\t\t\t\t\t<span class=\"elementor-icon-list-icon\">\n\t\t\t\t\t\t\t<i aria-hidden=\"true\" class=\"fas fa-coins\"><\/i>\t\t\t\t\t\t<\/span>\n\t\t\t\t\t\t\t\t\t\t<span class=\"elementor-icon-list-text\">T3 -  9.000.800$00<\/span>\n\t\t\t\t\t\t\t\t\t<\/li>\n\t\t\t\t\t\t\t\t<li class=\"elementor-icon-list-item elementor-inline-item\">\n\t\t\t\t\t\t\t\t\t\t\t<span class=\"elementor-icon-list-icon\">\n\t\t\t\t\t\t\t<i aria-hidden=\"true\" class=\"fas fa-coins\"><\/i>\t\t\t\t\t\t<\/span>\n\t\t\t\t\t\t\t\t\t\t<span class=\"elementor-icon-list-text\">T2 -  7.000.900$00<\/span>\n\t\t\t\t\t\t\t\t\t<\/li>\n\t\t\t\t\t\t<\/ul>\n\t\t\t\t<\/div>\n\t\t\t\t<\/div>\n\t\t\t\t<div class=\"elementor-element elementor-element-45763c0 elementor-widget-divider--view-line elementor-widget elementor-widget-divider\" data-id=\"45763c0\" data-element_type=\"widget\" data-widget_type=\"divider.default\">\n\t\t\t\t<div class=\"elementor-widget-container\">\n\t\t\t\t\t<div class=\"elementor-divider\">\n\t\t\t<span class=\"elementor-divider-separator\">\n\t\t\t\t\t\t<\/span>\n\t\t<\/div>\n\t\t\t\t<\/div>\n\t\t\t\t<\/div>\n\t\t\t\t<div class=\"elementor-element elementor-element-e594968 elementor-arrows-position-inside elementor-pagination-position-outside elementor-widget elementor-widget-image-carousel\" data-id=\"e594968\" data-element_type=\"widget\" data-settings=\"{&quot;slides_to_show&quot;:&quot;4&quot;,&quot;slides_to_scroll&quot;:&quot;4&quot;,&quot;navigation&quot;:&quot;both&quot;,&quot;autoplay&quot;:&quot;yes&quot;,&quot;pause_on_hover&quot;:&quot;yes&quot;,&quot;pause_on_interaction&quot;:&quot;yes&quot;,&quot;autoplay_speed&quot;:5000,&quot;infinite&quot;:&quot;yes&quot;,&quot;speed&quot;:500,&quot;image_spacing_custom&quot;:{&quot;unit&quot;:&quot;px&quot;,&quot;size&quot;:20,&quot;sizes&quot;:[]}}\" data-widget_type=\"image-carousel.default\">\n\t\t\t\t<div class=\"elementor-widget-container\">\n\t\t\t\t\t<div class=\"elementor-image-carousel-wrapper swiper-container\" dir=\"ltr\">\n\t\t\t<div class=\"elementor-image-carousel swiper-wrapper\">\n\t\t\t\t\t\t\t\t<div class=\"swiper-slide\"><a data-elementor-open-lightbox=\"yes\" data-elementor-lightbox-slideshow=\"e594968\" data-elementor-lightbox-title=\"1\" href=\"https:\/\/prginvestimentos.cv\/IM\/wp-content\/uploads\/2021\/11\/1.jpg\"><figure class=\"swiper-slide-inner\"><img class=\"swiper-slide-image\" src=\"https:\/\/prginvestimentos.cv\/IM\/wp-content\/uploads\/elementor\/thumbs\/1-pfhbsq5ebgflel2boyz9ypo8do7st9zidl7kd7ytnk.jpg\" alt=\"1\" \/><\/figure><\/a><\/div><div class=\"swiper-slide\"><a data-elementor-open-lightbox=\"yes\" data-elementor-lightbox-slideshow=\"e594968\" data-elementor-lightbox-title=\"2\" href=\"https:\/\/prginvestimentos.cv\/IM\/wp-content\/uploads\/2021\/11\/2.jpg\"><figure class=\"swiper-slide-inner\"><img class=\"swiper-slide-image\" src=\"https:\/\/prginvestimentos.cv\/IM\/wp-content\/uploads\/elementor\/thumbs\/2-pfhbq8uqa71crmo16edpvu7fy2fxi150db8frxn82o.jpg\" alt=\"2\" \/><\/figure><\/a><\/div><div class=\"swiper-slide\"><a data-elementor-open-lightbox=\"yes\" data-elementor-lightbox-slideshow=\"e594968\" data-elementor-lightbox-title=\"3\" href=\"https:\/\/prginvestimentos.cv\/IM\/wp-content\/uploads\/2021\/11\/3.jpg\"><figure class=\"swiper-slide-inner\"><img class=\"swiper-slide-image\" src=\"https:\/\/prginvestimentos.cv\/IM\/wp-content\/uploads\/elementor\/thumbs\/3-pfhbqbo8up57qgjxpxlllbhtq82154g7dp6w7rj1k0.jpg\" alt=\"3\" \/><\/figure><\/a><\/div><div class=\"swiper-slide\"><a data-elementor-open-lightbox=\"yes\" data-elementor-lightbox-slideshow=\"e594968\" data-elementor-lightbox-title=\"4\" href=\"https:\/\/prginvestimentos.cv\/IM\/wp-content\/uploads\/2021\/11\/4.jpg\"><figure class=\"swiper-slide-inner\"><img class=\"swiper-slide-image\" src=\"https:\/\/prginvestimentos.cv\/IM\/wp-content\/uploads\/elementor\/thumbs\/4-pfhbqehrf792pafu9gthass7ido4s7ree35cnlev1c.jpg\" alt=\"4\" \/><\/figure><\/a><\/div><div class=\"swiper-slide\"><a data-elementor-open-lightbox=\"yes\" data-elementor-lightbox-slideshow=\"e594968\" data-elementor-lightbox-title=\"5\" href=\"https:\/\/prginvestimentos.cv\/IM\/wp-content\/uploads\/2021\/11\/5.jpg\"><figure class=\"swiper-slide-inner\"><img class=\"swiper-slide-image\" src=\"https:\/\/prginvestimentos.cv\/IM\/wp-content\/uploads\/elementor\/thumbs\/5-pfhbqfflm1ad0weh3z83vajo3rjhzwv4q7su4vdgv4.jpg\" alt=\"5\" \/><\/figure><\/a><\/div><div class=\"swiper-slide\"><a data-elementor-open-lightbox=\"yes\" data-elementor-lightbox-slideshow=\"e594968\" data-elementor-lightbox-title=\"6\" href=\"https:\/\/prginvestimentos.cv\/IM\/wp-content\/uploads\/2021\/11\/6.jpg\"><figure class=\"swiper-slide-inner\"><img class=\"swiper-slide-image\" src=\"https:\/\/prginvestimentos.cv\/IM\/wp-content\/uploads\/elementor\/thumbs\/6-pfhbqhb9zpcxo4bqt01d0a2laja8fb2leh3t3faoio.jpg\" alt=\"6\" \/><\/figure><\/a><\/div>\t\t\t<\/div>\n\t\t\t\t\t\t\t\t\t\t\t\t<div class=\"swiper-pagination\"><\/div>\n\t\t\t\t\t\t\t\t\t\t\t\t\t<div class=\"elementor-swiper-button elementor-swiper-button-prev\">\n\t\t\t\t\t\t<i class=\"eicon-chevron-left\" aria-hidden=\"true\"><\/i>\n\t\t\t\t\t\t<span class=\"elementor-screen-only\">Anterior<\/span>\n\t\t\t\t\t<\/div>\n\t\t\t\t\t<div class=\"elementor-swiper-button elementor-swiper-button-next\">\n\t\t\t\t\t\t<i class=\"eicon-chevron-right\" aria-hidden=\"true\"><\/i>\n\t\t\t\t\t\t<span class=\"elementor-screen-only\">Seguinte<\/span>\n\t\t\t\t\t<\/div>\n\t\t\t\t\t\t\t\t\t<\/div>\n\t\t\t\t<\/div>\n\t\t\t\t<\/div>\n\t\t\t\t\t\t<\/div>\n\t\t\t\t\t<\/div>\n\t\t<\/div>\n\t\t\t\t\t\t\t\t<\/div>\n\t\t\t\t\t<\/div>\n\t\t<\/section>\n\t\t\t\t\t\t<\/div>\n\t\t\t\t\t\t<\/div>\n\t\t\t\t\t<\/div>\n\t\t","protected":false},"excerpt":{"rendered":"<p>Obra Palmarejo Empreendimento no centro do palmarejo, sito\u00a0 perto de Ola mar Hotel, \u00f3tima localiza\u00e7\u00e3o, pr\u00f3ximo de com\u00e9rcios, servi\u00e7os e transportes. com Tipologias T2 e T3 Cozinhas equipadas, duas casas de banho, quartos com roupeiro, teto falso, Salas com varandas, arrecada\u00e7\u00e3o luz led, caixa de escada com pedra m\u00e1rmore e corre m\u00e3o em inox, pr\u00f3ximo &#8230; <a title=\"Obra Palmarejo\" class=\"read-more\" href=\"https:\/\/prginvestimentos.cv\/IM\/obrapalmarejo\/\" aria-label=\"Mais sobre Obra Palmarejo\">Ler mais<\/a><\/p>\n","protected":false},"author":1,"featured_media":0,"parent":0,"menu_order":0,"comment_status":"closed","ping_status":"closed","template":"","meta":[],"_links":{"self":[{"href":"https:\/\/prginvestimentos.cv\/IM\/wp-json\/wp\/v2\/pages\/59"}],"collection":[{"href":"https:\/\/prginvestimentos.cv\/IM\/wp-json\/wp\/v2\/pages"}],"about":[{"href":"https:\/\/prginvestimentos.cv\/IM\/wp-json\/wp\/v2\/types\/page"}],"author":[{"embeddable":true,"href":"https:\/\/prginvestimentos.cv\/IM\/wp-json\/wp\/v2\/users\/1"}],"replies":[{"embeddable":true,"href":"https:\/\/prginvestimentos.cv\/IM\/wp-json\/wp\/v2\/comments?post=59"}],"version-history":[{"count":3,"href":"https:\/\/prginvestimentos.cv\/IM\/wp-json\/wp\/v2\/pages\/59\/revisions"}],"predecessor-version":[{"id":970,"href":"https:\/\/prginvestimentos.cv\/IM\/wp-json\/wp\/v2\/pages\/59\/revisions\/970"}],"wp:attachment":[{"href":"https:\/\/prginvestimentos.cv\/IM\/wp-json\/wp\/v2\/media?parent=59"}],"curies":[{"name":"wp","href":"https:\/\/api.w.org\/{rel}","templated":true}]}}