{"id":779,"date":"2020-10-26T20:51:10","date_gmt":"2020-10-26T20:51:10","guid":{"rendered":"https:\/\/prginvestimentos.cv\/IM\/?page_id=779"},"modified":"2021-09-22T13:07:16","modified_gmt":"2021-09-22T13:07:16","slug":"lotes-terrenos","status":"publish","type":"page","link":"https:\/\/prginvestimentos.cv\/IM\/lotes-terrenos\/","title":{"rendered":"Lotes &#8211; Terrenos"},"content":{"rendered":"\t\t<div data-elementor-type=\"wp-page\" data-elementor-id=\"779\" class=\"elementor elementor-779\" data-elementor-settings=\"[]\">\n\t\t\t\t\t\t<div class=\"elementor-inner\">\n\t\t\t\t\t\t\t<div class=\"elementor-section-wrap\">\n\t\t\t\t\t\t\t<section class=\"elementor-section elementor-top-section elementor-element elementor-element-f618766 elementor-section-height-min-height elementor-section-boxed elementor-section-height-default elementor-section-items-middle\" data-id=\"f618766\" data-element_type=\"section\">\n\t\t\t\t\t\t<div class=\"elementor-container elementor-column-gap-default\">\n\t\t\t\t\t\t\t<div class=\"elementor-row\">\n\t\t\t\t\t<div class=\"elementor-column elementor-col-100 elementor-top-column elementor-element elementor-element-4248879\" data-id=\"4248879\" data-element_type=\"column\">\n\t\t\t<div class=\"elementor-column-wrap elementor-element-populated\">\n\t\t\t\t\t\t\t<div class=\"elementor-widget-wrap\">\n\t\t\t\t\t\t<div class=\"elementor-element elementor-element-1c7f60c elementor-widget elementor-widget-heading\" data-id=\"1c7f60c\" data-element_type=\"widget\" data-widget_type=\"heading.default\">\n\t\t\t\t<div class=\"elementor-widget-container\">\n\t\t\t<h2 class=\"elementor-heading-title elementor-size-default\">Empreendimento Palmarejo Grande<\/h2>\t\t<\/div>\n\t\t\t\t<\/div>\n\t\t\t\t<div class=\"elementor-element elementor-element-e594968 elementor-arrows-position-inside elementor-pagination-position-outside elementor-widget elementor-widget-image-carousel\" data-id=\"e594968\" data-element_type=\"widget\" data-settings=\"{&quot;slides_to_show&quot;:&quot;4&quot;,&quot;slides_to_scroll&quot;:&quot;4&quot;,&quot;navigation&quot;:&quot;both&quot;,&quot;autoplay&quot;:&quot;yes&quot;,&quot;pause_on_hover&quot;:&quot;yes&quot;,&quot;pause_on_interaction&quot;:&quot;yes&quot;,&quot;autoplay_speed&quot;:5000,&quot;infinite&quot;:&quot;yes&quot;,&quot;speed&quot;:500,&quot;image_spacing_custom&quot;:{&quot;unit&quot;:&quot;px&quot;,&quot;size&quot;:20,&quot;sizes&quot;:[]}}\" data-widget_type=\"image-carousel.default\">\n\t\t\t\t<div class=\"elementor-widget-container\">\n\t\t\t\t\t<div class=\"elementor-image-carousel-wrapper swiper-container\" dir=\"ltr\">\n\t\t\t<div class=\"elementor-image-carousel swiper-wrapper\">\n\t\t\t\t\t\t\t\t<div class=\"swiper-slide\"><a data-elementor-open-lightbox=\"yes\" data-elementor-lightbox-slideshow=\"e594968\" data-elementor-lightbox-title=\"site_slide\" href=\"https:\/\/prginvestimentos.cv\/IM\/wp-content\/uploads\/2021\/09\/site_slide.jpg\"><figure class=\"swiper-slide-inner\"><img class=\"swiper-slide-image\" src=\"https:\/\/prginvestimentos.cv\/IM\/wp-content\/uploads\/elementor\/thumbs\/site_slide-pdhnz9xkjjoikgxlewtly06bcpms1atq4osj88cw4g.jpg\" alt=\"site_slide\" \/><\/figure><\/a><\/div><div class=\"swiper-slide\"><a data-elementor-open-lightbox=\"yes\" data-elementor-lightbox-slideshow=\"e594968\" data-elementor-lightbox-title=\"site_slide_2\" href=\"https:\/\/prginvestimentos.cv\/IM\/wp-content\/uploads\/2021\/09\/site_slide_2.jpg\"><figure class=\"swiper-slide-inner\"><img class=\"swiper-slide-image\" src=\"https:\/\/prginvestimentos.cv\/IM\/wp-content\/uploads\/elementor\/thumbs\/site_slide_2-pdho5yk954tx4n82dsu3obgbfcoqrtd0drsu32g3vk.jpg\" alt=\"site_slide_2\" \/><\/figure><\/a><\/div><div class=\"swiper-slide\"><a data-elementor-open-lightbox=\"yes\" data-elementor-lightbox-slideshow=\"e594968\" data-elementor-lightbox-title=\"4\" href=\"https:\/\/prginvestimentos.cv\/IM\/wp-content\/uploads\/2021\/09\/4.jpg\"><figure class=\"swiper-slide-inner\"><img class=\"swiper-slide-image\" src=\"https:\/\/prginvestimentos.cv\/IM\/wp-content\/uploads\/elementor\/thumbs\/4-pd9hllqod29m08n5dicl9sggui7ix1sw32yulvmr34.jpg\" alt=\"4\" \/><\/figure><\/a><\/div><div class=\"swiper-slide\"><a data-elementor-open-lightbox=\"yes\" data-elementor-lightbox-slideshow=\"e594968\" data-elementor-lightbox-title=\"2\" href=\"https:\/\/prginvestimentos.cv\/IM\/wp-content\/uploads\/2021\/09\/2.jpg\"><figure class=\"swiper-slide-inner\"><img class=\"swiper-slide-image\" src=\"https:\/\/prginvestimentos.cv\/IM\/wp-content\/uploads\/elementor\/thumbs\/2-pd9hlh1hew36e6tz4ybgfbn5vkuouka8efpf7htpy8.jpg\" alt=\"2\" \/><\/figure><\/a><\/div>\t\t\t<\/div>\n\t\t\t\t\t\t\t\t\t\t\t\t<div class=\"swiper-pagination\"><\/div>\n\t\t\t\t\t\t\t\t\t\t\t\t\t<div class=\"elementor-swiper-button elementor-swiper-button-prev\">\n\t\t\t\t\t\t<i class=\"eicon-chevron-left\" aria-hidden=\"true\"><\/i>\n\t\t\t\t\t\t<span class=\"elementor-screen-only\">Anterior<\/span>\n\t\t\t\t\t<\/div>\n\t\t\t\t\t<div class=\"elementor-swiper-button elementor-swiper-button-next\">\n\t\t\t\t\t\t<i class=\"eicon-chevron-right\" aria-hidden=\"true\"><\/i>\n\t\t\t\t\t\t<span class=\"elementor-screen-only\">Seguinte<\/span>\n\t\t\t\t\t<\/div>\n\t\t\t\t\t\t\t\t\t<\/div>\n\t\t\t\t<\/div>\n\t\t\t\t<\/div>\n\t\t\t\t<div class=\"elementor-element elementor-element-270c206 elementor-widget elementor-widget-text-editor\" data-id=\"270c206\" data-element_type=\"widget\" data-widget_type=\"text-editor.default\">\n\t\t\t\t<div class=\"elementor-widget-container\">\n\t\t\t\t\t\t\t\t<div class=\"elementor-text-editor elementor-clearfix\">\n\t\t\t\t<p>Empreendimento em\u00a0 Palmarejo Grande , sito\u00a0 perto de Escola de Hotelaria e Turismo, \u00f3tima localiza\u00e7\u00e3o, pr\u00f3ximo de com\u00e9rcios, servi\u00e7os e transportes. Com\u00a0 10 apartamentos\u00a0 Tipologias T2 e T3,<br \/>Cozinhas equipadas, duas casas de banho, quartos com roupeiro, teto falso, Salas com varandas, arrecada\u00e7\u00e3o luz led, caixa de escada com pedra m\u00e1rmore e corre m\u00e3o de inox, pr\u00f3ximo de \u00a0transporte p\u00fablico.<\/p>\t\t\t\t\t<\/div>\n\t\t\t\t\t\t<\/div>\n\t\t\t\t<\/div>\n\t\t\t\t<div class=\"elementor-element elementor-element-0f08f8c elementor-widget-divider--view-line elementor-widget elementor-widget-divider\" data-id=\"0f08f8c\" data-element_type=\"widget\" data-widget_type=\"divider.default\">\n\t\t\t\t<div class=\"elementor-widget-container\">\n\t\t\t\t\t<div class=\"elementor-divider\">\n\t\t\t<span class=\"elementor-divider-separator\">\n\t\t\t\t\t\t<\/span>\n\t\t<\/div>\n\t\t\t\t<\/div>\n\t\t\t\t<\/div>\n\t\t\t\t\t\t<\/div>\n\t\t\t\t\t<\/div>\n\t\t<\/div>\n\t\t\t\t\t\t\t\t<\/div>\n\t\t\t\t\t<\/div>\n\t\t<\/section>\n\t\t\t\t<section class=\"elementor-section elementor-top-section elementor-element elementor-element-c98a11c elementor-section-height-min-height elementor-section-boxed elementor-section-height-default elementor-section-items-middle\" data-id=\"c98a11c\" data-element_type=\"section\">\n\t\t\t\t\t\t<div class=\"elementor-container elementor-column-gap-default\">\n\t\t\t\t\t\t\t<div class=\"elementor-row\">\n\t\t\t\t\t<div class=\"elementor-column elementor-col-100 elementor-top-column elementor-element elementor-element-f4a1672\" data-id=\"f4a1672\" data-element_type=\"column\">\n\t\t\t<div class=\"elementor-column-wrap elementor-element-populated\">\n\t\t\t\t\t\t\t<div class=\"elementor-widget-wrap\">\n\t\t\t\t\t\t<div class=\"elementor-element elementor-element-cd6c5be elementor-widget elementor-widget-heading\" data-id=\"cd6c5be\" data-element_type=\"widget\" data-widget_type=\"heading.default\">\n\t\t\t\t<div class=\"elementor-widget-container\">\n\t\t\t<h2 class=\"elementor-heading-title elementor-size-default\">Lote terreno palmarejo Baixo<\/h2>\t\t<\/div>\n\t\t\t\t<\/div>\n\t\t\t\t<div class=\"elementor-element elementor-element-72ce7c9 elementor-widget elementor-widget-text-editor\" data-id=\"72ce7c9\" data-element_type=\"widget\" data-widget_type=\"text-editor.default\">\n\t\t\t\t<div class=\"elementor-widget-container\">\n\t\t\t\t\t\t\t\t<div class=\"elementor-text-editor elementor-clearfix\">\n\t\t\t\t<p>Lote de terreno \u00a0em Palmarejo baixo, excelente localiza\u00e7\u00e3o<\/p>\t\t\t\t\t<\/div>\n\t\t\t\t\t\t<\/div>\n\t\t\t\t<\/div>\n\t\t\t\t<div class=\"elementor-element elementor-element-f0ca17c elementor-icon-list--layout-inline elementor-align-center elementor-list-item-link-full_width elementor-widget elementor-widget-icon-list\" data-id=\"f0ca17c\" data-element_type=\"widget\" data-widget_type=\"icon-list.default\">\n\t\t\t\t<div class=\"elementor-widget-container\">\n\t\t\t\t\t<ul class=\"elementor-icon-list-items elementor-inline-items\">\n\t\t\t\t\t\t\t<li class=\"elementor-icon-list-item elementor-inline-item\">\n\t\t\t\t\t\t\t\t\t\t\t<span class=\"elementor-icon-list-icon\">\n\t\t\t\t\t\t\t<i aria-hidden=\"true\" class=\"fas fa-chart-area\"><\/i>\t\t\t\t\t\t<\/span>\n\t\t\t\t\t\t\t\t\t\t<span class=\"elementor-icon-list-text\">869m2<\/span>\n\t\t\t\t\t\t\t\t\t<\/li>\n\t\t\t\t\t\t\t\t<li class=\"elementor-icon-list-item elementor-inline-item\">\n\t\t\t\t\t\t\t\t\t\t\t<span class=\"elementor-icon-list-icon\">\n\t\t\t\t\t\t\t<i aria-hidden=\"true\" class=\"fas fa-coins\"><\/i>\t\t\t\t\t\t<\/span>\n\t\t\t\t\t\t\t\t\t\t<span class=\"elementor-icon-list-text\">23.000 000$00<\/span>\n\t\t\t\t\t\t\t\t\t<\/li>\n\t\t\t\t\t\t<\/ul>\n\t\t\t\t<\/div>\n\t\t\t\t<\/div>\n\t\t\t\t<div class=\"elementor-element elementor-element-db6276c elementor-widget-divider--view-line elementor-widget elementor-widget-divider\" data-id=\"db6276c\" data-element_type=\"widget\" data-widget_type=\"divider.default\">\n\t\t\t\t<div class=\"elementor-widget-container\">\n\t\t\t\t\t<div class=\"elementor-divider\">\n\t\t\t<span class=\"elementor-divider-separator\">\n\t\t\t\t\t\t<\/span>\n\t\t<\/div>\n\t\t\t\t<\/div>\n\t\t\t\t<\/div>\n\t\t\t\t<div class=\"elementor-element elementor-element-0cba2d4 elementor-arrows-position-inside elementor-pagination-position-outside elementor-widget elementor-widget-image-carousel\" data-id=\"0cba2d4\" data-element_type=\"widget\" data-settings=\"{&quot;slides_to_show&quot;:&quot;4&quot;,&quot;slides_to_scroll&quot;:&quot;4&quot;,&quot;navigation&quot;:&quot;both&quot;,&quot;autoplay&quot;:&quot;yes&quot;,&quot;pause_on_hover&quot;:&quot;yes&quot;,&quot;pause_on_interaction&quot;:&quot;yes&quot;,&quot;autoplay_speed&quot;:5000,&quot;infinite&quot;:&quot;yes&quot;,&quot;speed&quot;:500,&quot;image_spacing_custom&quot;:{&quot;unit&quot;:&quot;px&quot;,&quot;size&quot;:20,&quot;sizes&quot;:[]}}\" data-widget_type=\"image-carousel.default\">\n\t\t\t\t<div class=\"elementor-widget-container\">\n\t\t\t\t\t<div class=\"elementor-image-carousel-wrapper swiper-container\" dir=\"ltr\">\n\t\t\t<div class=\"elementor-image-carousel swiper-wrapper\">\n\t\t\t\t\t\t\t\t<div class=\"swiper-slide\"><a data-elementor-open-lightbox=\"yes\" data-elementor-lightbox-slideshow=\"0cba2d4\" data-elementor-lightbox-title=\"Carrossel_Terreno_Palmarejo_Baxo\" href=\"https:\/\/prginvestimentos.cv\/IM\/wp-content\/uploads\/2020\/10\/Carrossel_Terreno_Palmarejo_Baxo.png\"><figure class=\"swiper-slide-inner\"><img class=\"swiper-slide-image\" src=\"https:\/\/prginvestimentos.cv\/IM\/wp-content\/uploads\/elementor\/thumbs\/Carrossel_Terreno_Palmarejo_Baxo-oxibmcklbjzlljsi2sfprwkpo2kf225i4yhlx7iug0.png\" alt=\"Carrossel_Terreno_Palmarejo_Baxo\" \/><\/figure><\/a><\/div><div class=\"swiper-slide\"><a data-elementor-open-lightbox=\"yes\" data-elementor-lightbox-slideshow=\"0cba2d4\" data-elementor-lightbox-title=\"Carrossel_Terreno_Palmarejo_Baxo_2\" href=\"https:\/\/prginvestimentos.cv\/IM\/wp-content\/uploads\/2020\/10\/Carrossel_Terreno_Palmarejo_Baxo_2.png\"><figure class=\"swiper-slide-inner\"><img class=\"swiper-slide-image\" src=\"https:\/\/prginvestimentos.cv\/IM\/wp-content\/uploads\/elementor\/thumbs\/Carrossel_Terreno_Palmarejo_Baxo_2-oxibmj5gne8lutiy0da3rcwxtrnzjxvmhv20a5938g.png\" alt=\"Carrossel_Terreno_Palmarejo_Baxo_2\" \/><\/figure><\/a><\/div><div class=\"swiper-slide\"><a data-elementor-open-lightbox=\"yes\" data-elementor-lightbox-slideshow=\"0cba2d4\" data-elementor-lightbox-title=\"Carrossel_Terreno_Palmarejo_Baxo_3\" href=\"https:\/\/prginvestimentos.cv\/IM\/wp-content\/uploads\/2020\/10\/Carrossel_Terreno_Palmarejo_Baxo_3.png\"><figure class=\"swiper-slide-inner\"><img class=\"swiper-slide-image\" src=\"https:\/\/prginvestimentos.cv\/IM\/wp-content\/uploads\/elementor\/thumbs\/Carrossel_Terreno_Palmarejo_Baxo_3-oxibmqo662iwfp80sgj4bb0mkumx9iph6w9w4cxxuo.png\" alt=\"Carrossel_Terreno_Palmarejo_Baxo_3\" \/><\/figure><\/a><\/div>\t\t\t<\/div>\n\t\t\t\t\t\t\t\t\t\t\t\t<div class=\"swiper-pagination\"><\/div>\n\t\t\t\t\t\t\t\t\t\t\t\t\t<div class=\"elementor-swiper-button elementor-swiper-button-prev\">\n\t\t\t\t\t\t<i class=\"eicon-chevron-left\" aria-hidden=\"true\"><\/i>\n\t\t\t\t\t\t<span class=\"elementor-screen-only\">Anterior<\/span>\n\t\t\t\t\t<\/div>\n\t\t\t\t\t<div class=\"elementor-swiper-button elementor-swiper-button-next\">\n\t\t\t\t\t\t<i class=\"eicon-chevron-right\" aria-hidden=\"true\"><\/i>\n\t\t\t\t\t\t<span class=\"elementor-screen-only\">Seguinte<\/span>\n\t\t\t\t\t<\/div>\n\t\t\t\t\t\t\t\t\t<\/div>\n\t\t\t\t<\/div>\n\t\t\t\t<\/div>\n\t\t\t\t\t\t<\/div>\n\t\t\t\t\t<\/div>\n\t\t<\/div>\n\t\t\t\t\t\t\t\t<\/div>\n\t\t\t\t\t<\/div>\n\t\t<\/section>\n\t\t\t\t\t\t<\/div>\n\t\t\t\t\t\t<\/div>\n\t\t\t\t\t<\/div>\n\t\t","protected":false},"excerpt":{"rendered":"<p>Empreendimento Palmarejo Grande Anterior Seguinte Empreendimento em\u00a0 Palmarejo Grande , sito\u00a0 perto de Escola de Hotelaria e Turismo, \u00f3tima localiza\u00e7\u00e3o, pr\u00f3ximo de com\u00e9rcios, servi\u00e7os e transportes. Com\u00a0 10 apartamentos\u00a0 Tipologias T2 e T3,Cozinhas equipadas, duas casas de banho, quartos com roupeiro, teto falso, Salas com varandas, arrecada\u00e7\u00e3o luz led, caixa de escada com pedra m\u00e1rmore &#8230; <a title=\"Lotes &#8211; Terrenos\" class=\"read-more\" href=\"https:\/\/prginvestimentos.cv\/IM\/lotes-terrenos\/\" aria-label=\"Mais sobre Lotes &#8211; Terrenos\">Ler mais<\/a><\/p>\n","protected":false},"author":1,"featured_media":0,"parent":0,"menu_order":0,"comment_status":"closed","ping_status":"closed","template":"","meta":[],"_links":{"self":[{"href":"https:\/\/prginvestimentos.cv\/IM\/wp-json\/wp\/v2\/pages\/779"}],"collection":[{"href":"https:\/\/prginvestimentos.cv\/IM\/wp-json\/wp\/v2\/pages"}],"about":[{"href":"https:\/\/prginvestimentos.cv\/IM\/wp-json\/wp\/v2\/types\/page"}],"author":[{"embeddable":true,"href":"https:\/\/prginvestimentos.cv\/IM\/wp-json\/wp\/v2\/users\/1"}],"replies":[{"embeddable":true,"href":"https:\/\/prginvestimentos.cv\/IM\/wp-json\/wp\/v2\/comments?post=779"}],"version-history":[{"count":15,"href":"https:\/\/prginvestimentos.cv\/IM\/wp-json\/wp\/v2\/pages\/779\/revisions"}],"predecessor-version":[{"id":959,"href":"https:\/\/prginvestimentos.cv\/IM\/wp-json\/wp\/v2\/pages\/779\/revisions\/959"}],"wp:attachment":[{"href":"https:\/\/prginvestimentos.cv\/IM\/wp-json\/wp\/v2\/media?parent=779"}],"curies":[{"name":"wp","href":"https:\/\/api.w.org\/{rel}","templated":true}]}}