{"id":57,"date":"2020-08-11T13:27:16","date_gmt":"2020-08-11T13:27:16","guid":{"rendered":"https:\/\/prginvestimentos.cv\/Invest\/?page_id=57"},"modified":"2020-12-16T23:59:37","modified_gmt":"2020-12-16T23:59:37","slug":"sobrenos","status":"publish","type":"page","link":"https:\/\/prginvestimentos.cv\/Invest\/sobrenos\/","title":{"rendered":"Sobre N\u00f3s"},"content":{"rendered":"<h2>Nossa Historia<\/h2>\n<p>A PrG Investimentos \u00a0\u00e9 uma empresa com uma vasta experi\u00eancia na \u00e1rea de investimentos imobili\u00e1rios e trading investment a sociedade foi criada como prop\u00f3sito de apresentar melhores ofertas de neg\u00f3cios imobili\u00e1rios e trading investment.<\/p>\n<p>A sociedade tem como o principal foco promo\u00e7\u00e3o de investimentos imobili\u00e1rios e suporte ao trading investment<\/p>\n<p>\u00a0<\/p>\n<p>\t\t\t\t\t\t\t\t\t\t<img width=\"1440\" height=\"900\" src=\"https:\/\/prginvestimentos.cv\/Invest\/wp-content\/uploads\/2020\/10\/Sobre_nos.png\" alt=\"\" loading=\"lazy\" srcset=\"https:\/\/prginvestimentos.cv\/Invest\/wp-content\/uploads\/2020\/10\/Sobre_nos.png 1440w, https:\/\/prginvestimentos.cv\/Invest\/wp-content\/uploads\/2020\/10\/Sobre_nos-300x188.png 300w, https:\/\/prginvestimentos.cv\/Invest\/wp-content\/uploads\/2020\/10\/Sobre_nos-1024x640.png 1024w, https:\/\/prginvestimentos.cv\/Invest\/wp-content\/uploads\/2020\/10\/Sobre_nos-768x480.png 768w\" sizes=\"(max-width: 1440px) 100vw, 1440px\" \/>\t\t\t\t\t\t\t\t\t\t\t<\/p>\n<h2>Valores<\/h2>\n<p>\t\t\t\t\t\t\t\t\t\t<img width=\"720\" height=\"540\" src=\"https:\/\/prginvestimentos.cv\/Invest\/wp-content\/uploads\/2020\/08\/espaco5.jpg\" alt=\"\" loading=\"lazy\" srcset=\"https:\/\/prginvestimentos.cv\/Invest\/wp-content\/uploads\/2020\/08\/espaco5.jpg 720w, https:\/\/prginvestimentos.cv\/Invest\/wp-content\/uploads\/2020\/08\/espaco5-300x225.jpg 300w\" sizes=\"(max-width: 720px) 100vw, 720px\" \/>\t\t\t\t\t\t\t\t\t\t\t<\/p>\n<ul>\n<li><strong>\u00c9tica<\/strong><\/li>\n<\/ul>\n<p>Os neg\u00f3cios, as decis\u00f5es e os projetos da PrG investimentos ser\u00e3o efetuados com base nos princ\u00edpios da \u00e9tica, transpar\u00eancia e boa f\u00e9.<\/p>\n<ul>\n<li><strong>Inova\u00e7\u00e3o<\/strong><\/li>\n<\/ul>\n<p>Os projetos ser\u00e3o materializados coma ado\u00e7\u00e3o de melhores pr\u00e1ticas e solu\u00e7\u00f5es inovadores e modelos de gest\u00e3o que visa criar valores para os stakeholder<\/p>\n<ul>\n<li><strong>Qualidade<\/strong><\/li>\n<\/ul>\n<p>Os nossos produtos e servi\u00e7os devem pautar por um n\u00edvel de qualidade nos termos das boas praticas internacionais em todo o processo e o n\u00edvel de qualidade preconizada pela nossa institui\u00e7\u00e3o dever\u00e1 aplicar se aos nossos prestadores de servi\u00e7os e parceiros.<\/p>\n<ul>\n<li><strong>Responsabili<\/strong><strong>dade<\/strong><\/li>\n<\/ul>\n<p>Perante os nossos clientes, parceiros e a sociedade, com enfoque no envolvimento responsabilidade social, de desenvolvimento sustent\u00e1vel<\/p>\n<h2>Vis\u00e3o<\/h2>\n<p>Ser a melhor empresa imobili\u00e1ria nacional, apresentando sempre as melhores oportunidades de neg\u00f3cios para os nossos clientes<\/p>\n<h2>Miss\u00e3o<\/h2>\n<p>\t\t\t\t\t\t\t\t\t\t<img width=\"800\" height=\"600\" src=\"https:\/\/prginvestimentos.cv\/Invest\/wp-content\/uploads\/2020\/08\/1.png\" alt=\"\" loading=\"lazy\" srcset=\"https:\/\/prginvestimentos.cv\/Invest\/wp-content\/uploads\/2020\/08\/1.png 800w, https:\/\/prginvestimentos.cv\/Invest\/wp-content\/uploads\/2020\/08\/1-300x225.png 300w, https:\/\/prginvestimentos.cv\/Invest\/wp-content\/uploads\/2020\/08\/1-768x576.png 768w\" sizes=\"(max-width: 800px) 100vw, 800px\" \/>\t\t\t\t\t\t\t\t\t\t\t<\/p>\n<p>Promo\u00e7\u00e3o de habita\u00e7\u00e3o de qualidade \u00a0a um pre\u00e7o acess\u00edvel para diferentes segmentos da sociedade.<\/p>\n","protected":false},"excerpt":{"rendered":"<p>Nossa Historia A PrG Investimentos \u00a0\u00e9 uma empresa com uma vasta experi\u00eancia na \u00e1rea de investimentos imobili\u00e1rios e trading investment a sociedade foi criada como prop\u00f3sito de apresentar melhores ofertas de neg\u00f3cios imobili\u00e1rios e trading investment. A sociedade tem como o principal foco promo\u00e7\u00e3o de investimentos imobili\u00e1rios e suporte ao trading investment \u00a0 Valores \u00c9tica &#8230; <a title=\"Sobre N\u00f3s\" class=\"read-more\" href=\"https:\/\/prginvestimentos.cv\/Invest\/sobrenos\/\" aria-label=\"Mais sobre Sobre N\u00f3s\">Ler mais<\/a><\/p>\n","protected":false},"author":1,"featured_media":0,"parent":0,"menu_order":0,"comment_status":"closed","ping_status":"closed","template":"elementor_header_footer","meta":[],"_links":{"self":[{"href":"https:\/\/prginvestimentos.cv\/Invest\/wp-json\/wp\/v2\/pages\/57"}],"collection":[{"href":"https:\/\/prginvestimentos.cv\/Invest\/wp-json\/wp\/v2\/pages"}],"about":[{"href":"https:\/\/prginvestimentos.cv\/Invest\/wp-json\/wp\/v2\/types\/page"}],"author":[{"embeddable":true,"href":"https:\/\/prginvestimentos.cv\/Invest\/wp-json\/wp\/v2\/users\/1"}],"replies":[{"embeddable":true,"href":"https:\/\/prginvestimentos.cv\/Invest\/wp-json\/wp\/v2\/comments?post=57"}],"version-history":[{"count":21,"href":"https:\/\/prginvestimentos.cv\/Invest\/wp-json\/wp\/v2\/pages\/57\/revisions"}],"predecessor-version":[{"id":749,"href":"https:\/\/prginvestimentos.cv\/Invest\/wp-json\/wp\/v2\/pages\/57\/revisions\/749"}],"wp:attachment":[{"href":"https:\/\/prginvestimentos.cv\/Invest\/wp-json\/wp\/v2\/media?parent=57"}],"curies":[{"name":"wp","href":"https:\/\/api.w.org\/{rel}","templated":true}]}}